{"id":1262,"date":"2016-12-27T12:41:48","date_gmt":"2016-12-27T12:41:48","guid":{"rendered":"http:\/\/themes.webmasterdriver.net\/carforyouwp\/?page_id=38"},"modified":"2020-08-20T18:44:50","modified_gmt":"2020-08-20T18:44:50","slug":"about-us","status":"publish","type":"page","link":"https:\/\/serviautomalaga.com\/?page_id=1262","title":{"rendered":"About Us"},"content":{"rendered":"<p>[vc_row el_id=&#8221;AboutCompany&#8221;][vc_column el_class=&#8221;section-padding&#8221;][vc_row_inner][vc_column_inner el_class=&#8221;section-header&#8221;][vc_column_text]<\/p>\n<h2 style=\"text-align: center;\">Bienvenido a Serviauto<\/h2>\n<p>[\/vc_column_text][vc_column_text css=&#8221;.vc_custom_1597947924922{margin-bottom: 0px !important;}&#8221;]<\/p>\n<p style=\"text-align: center;\">Serviauto es una empresa que cuenta con m\u00e1s de 28 a\u00f1os de experiencia en el sector de la automoci\u00f3n en M\u00e1laga y provincia, siendo as\u00ed uno de los concesionarios con mayor antig\u00fcedad de la provincia y el mejor aval para nuestro clientes<\/p>\n<p>[\/vc_column_text][\/vc_column_inner][\/vc_row_inner][vc_row_inner][vc_column_inner el_class=&#8221;about_content&#8221; width=&#8221;1\/2&#8243;][vc_single_image image=&#8221;765&#8243; el_class=&#8221;curricle_image_m&#8221;][vc_column_text el_class=&#8221;abt_content_m&#8221;]<\/p>\n<h3>Quienes Somos<\/h3>\n<p>Serviauto es una empresa que cuenta con m\u00e1s de 28 a\u00f1os de experiencia en el sector de la automoci\u00f3n en M\u00e1laga y provincia, siendo as\u00ed uno de los concesionarios con mayor antig\u00fcedad de la provincia y el mejor aval para nuestro clientes[\/vc_column_text][\/vc_column_inner][vc_column_inner el_class=&#8221;about_content&#8221; width=&#8221;1\/2&#8243;][vc_single_image image=&#8221;782&#8243; el_class=&#8221;curricle_image_m&#8221;][vc_column_text el_class=&#8221;abt_content_m&#8221;]<\/p>\n<h3>Nuestro Objetivo<\/h3>\n<p>Nuestro principal objetivo es su satisfacci\u00f3n, por ello nuestros profesionales le atender\u00e1n de manera personalizada durante el proceso de selecci\u00f3n de su veh\u00edculo.[\/vc_column_text][\/vc_column_inner][\/vc_row_inner][vc_row_inner][vc_column_inner el_class=&#8221;about_content&#8221; width=&#8221;1\/2&#8243;][vc_single_image image=&#8221;783&#8243; el_class=&#8221;curricle_image_m&#8221;][vc_column_text el_class=&#8221;abt_content_m&#8221;]<\/p>\n<h3>Qu\u00e9 Hacemos<\/h3>\n<p>Somos una empresa dedicada a la compra-venta de veh\u00edculos; con un stock variado y una gran oferta de veh\u00edculos en Serviauto encontrar\u00e1 el coche que necesita.[\/vc_column_text][\/vc_column_inner][vc_column_inner el_class=&#8221;about_content&#8221; width=&#8221;1\/2&#8243;][vc_single_image image=&#8221;784&#8243; el_class=&#8221;curricle_image_m&#8221;][vc_column_text el_class=&#8221;abt_content_m&#8221;]<\/p>\n<h3>Nuestra Misi\u00f3n<\/h3>\n<p>Variedad de veh\u00edculos, veh\u00edculos revisados y flexibilidad de pago son algunas de las ventajas de podr\u00e1s encontrar en nuestro concesionario.[\/vc_column_text][\/vc_column_inner][\/vc_row_inner][\/vc_column][\/vc_row][vc_row full_width=&#8221;stretch_row&#8221; el_id=&#8221;Whychoose&#8221; el_class=&#8221;gray-bg&#8221;][vc_column el_class=&#8221;section-padding&#8221;][vc_row_inner][vc_column_inner el_class=&#8221;section-header&#8221;][vc_column_text]<\/p>\n<h2 style=\"text-align: center;\"><span style=\"color: #111;\">Por qu\u00e9 elegirnos<\/span><\/h2>\n<p>[\/vc_column_text][vc_column_text]<\/p>\n<p style=\"text-align: center;\">Nuestro principal aval es la experiencia en el sector con m\u00e1s de 28 a\u00f1os en la automoci\u00f3n podr\u00e1 confiar en la garant\u00eda y seguridad de nuestro servicio.<\/p>\n<p style=\"text-align: center;\">Somos una de las empresas de M\u00e1laga con mayor experiencia en el mercado<\/p>\n<p>[\/vc_column_text][\/vc_column_inner][\/vc_row_inner][vc_row_inner][vc_column_inner width=&#8221;1\/2&#8243;][vc_column_text]<\/p>\n<div class=\"listing_box\">\n<h5><i class=\"fa fa-user\"><\/i> Validado por miles de clientes<\/h5>\n<p>Con m\u00e1s de 28 a\u00f1os de experiencia en el sector Serviauto M\u00e1laga garantiza la satisfacci\u00f3n de su compra con nosotros. Le ofreceremos un asesoramiento totalmente personalizado.<\/p>\n<\/div>\n<p>[\/vc_column_text][vc_column_text]<\/p>\n<div class=\"listing_box\">\n<h5><i class=\"fa fa-globe\"><\/i> Veh\u00edculos multimarcas<\/h5>\n<p>Ofrecemos todo tipo de veh\u00edculos adaptado a todo tipo de posibilidades en cuanto a marcas, precios y prestaciones. Para ofrecerle as\u00ed el mejor veh\u00edculo posible.<\/p>\n<\/div>\n<p>[\/vc_column_text][vc_column_text]<\/p>\n<div class=\"listing_box\">\n<h5><i class=\"fa fa-car\"><\/i> R\u00e1pida compra-venta.<\/h5>\n<p>Ofrecemos un serivico integral gracias al cual obtendr\u00e1 su veh\u00edculo totalmente garantizado en un plazo de dos a cinco d\u00edas laborables.<\/p>\n<\/div>\n<p>[\/vc_column_text][\/vc_column_inner][vc_column_inner width=&#8221;1\/2&#8243;][vc_single_image image=&#8221;1072&#8243; alignment=&#8221;center&#8221;][\/vc_column_inner][\/vc_row_inner][\/vc_column][\/vc_row][vc_row full_width=&#8221;stretch_row&#8221; content_placement=&#8221;middle&#8221; css=&#8221;.vc_custom_1486193714831{background-image: url(http:\/\/serviautomalaga.com\/wp-content\/uploads\/2016\/12\/fun-facts-bg.jpg?id=233) !important;background-position: center !important;background-repeat: no-repeat !important;background-size: cover !important;}&#8221; el_class=&#8221;dark_mask&#8221; el_id=&#8221;FunFacts&#8221;][vc_column el_class=&#8221;fun-facts-section&#8221; css=&#8221;.vc_custom_1486193866355{padding-top: 0px !important;}&#8221;][vc_row_inner][vc_column_inner el_class=&#8221;fun-facts-m&#8221; width=&#8221;1\/4&#8243;][vc_icon icon_fontawesome=&#8221;fa fa-calendar&#8221; color=&#8221;white&#8221; size=&#8221;lg&#8221; align=&#8221;center&#8221; css=&#8221;.vc_custom_1486193533246{margin-bottom: 0px !important;}&#8221;][vc_column_text css=&#8221;.vc_custom_1597948509215{margin-bottom: 0px !important;}&#8221;]<\/p>\n<h2 style=\"text-align: center;\"><span class=\"counter\">28<\/span>+<\/h2>\n<p style=\"text-align: center;\">A\u00f1os en el Sector<\/p>\n<p>[\/vc_column_text][\/vc_column_inner][vc_column_inner el_class=&#8221;fun-facts-m&#8221; width=&#8221;1\/4&#8243;][vc_icon icon_fontawesome=&#8221;fa fa-car&#8221; color=&#8221;white&#8221; size=&#8221;lg&#8221; align=&#8221;center&#8221; css=&#8221;.vc_custom_1486193491411{margin-bottom: 0px !important;}&#8221;][vc_column_text css=&#8221;.vc_custom_1597948546643{margin-bottom: 0px !important;}&#8221;]<\/p>\n<h2 style=\"text-align: center;\"><span class=\"counter\">10000<\/span>+<\/h2>\n<p style=\"text-align: center;\">Coches Vendidos<\/p>\n<p>[\/vc_column_text][\/vc_column_inner][vc_column_inner el_class=&#8221;fun-facts-m&#8221; width=&#8221;1\/4&#8243;][vc_icon icon_fontawesome=&#8221;fa fa-car&#8221; color=&#8221;white&#8221; align=&#8221;center&#8221; css=&#8221;.vc_custom_1486193571260{margin-bottom: 0px !important;}&#8221;][vc_column_text css=&#8221;.vc_custom_1597948566677{margin-bottom: 0px !important;}&#8221;]<\/p>\n<h2 style=\"text-align: center;\"><span class=\"counter\">\u00a025<\/span>+<\/h2>\n<p style=\"text-align: center;\">Veh\u00edculos a la Venta<\/p>\n<p>[\/vc_column_text][\/vc_column_inner][vc_column_inner el_class=&#8221;fun-facts-m&#8221; width=&#8221;1\/4&#8243;][vc_icon icon_fontawesome=&#8221;fa fa-user&#8221; color=&#8221;white&#8221; size=&#8221;lg&#8221; align=&#8221;center&#8221; css=&#8221;.vc_custom_1486193564607{margin-bottom: 0px !important;}&#8221;][vc_column_text css=&#8221;.vc_custom_1597948581726{margin-bottom: 0px !important;}&#8221;]<\/p>\n<h2 style=\"text-align: center;\"><span class=\"counter\">10000<\/span>+<\/h2>\n<p style=\"text-align: center;\">Clientes Satisfechos<\/p>\n<p>[\/vc_column_text][\/vc_column_inner][\/vc_row_inner][\/vc_column][\/vc_row]<\/p>\n","protected":false},"excerpt":{"rendered":"<p>[vc_row el_id=&#8221;AboutCompany&#8221;][vc_column el_class=&#8221;section-padding&#8221;][vc_row_inner][vc_column_inner el_class=&#8221;section-header&#8221;][vc_column_text] Bienvenido a Serviauto [\/vc_column_text][vc_column_text css=&#8221;.vc_custom_1597947924922{margin-bottom: 0px !important;}&#8221;] Serviauto es una empresa que cuenta con m\u00e1s de 28 a\u00f1os de experiencia en el sector de la automoci\u00f3n en M\u00e1laga y provincia, siendo as\u00ed uno de los concesionarios con mayor antig\u00fcedad de la provincia y el mejor aval para nuestro clientes [\/vc_column_text][\/vc_column_inner][\/vc_row_inner][vc_row_inner][vc_column_inner el_class=&#8221;about_content&#8221; [&hellip;]<\/p>\n","protected":false},"author":1,"featured_media":0,"parent":0,"menu_order":0,"comment_status":"closed","ping_status":"closed","template":"vc-page.php","meta":[],"_links":{"self":[{"href":"https:\/\/serviautomalaga.com\/index.php?rest_route=\/wp\/v2\/pages\/1262"}],"collection":[{"href":"https:\/\/serviautomalaga.com\/index.php?rest_route=\/wp\/v2\/pages"}],"about":[{"href":"https:\/\/serviautomalaga.com\/index.php?rest_route=\/wp\/v2\/types\/page"}],"author":[{"embeddable":true,"href":"https:\/\/serviautomalaga.com\/index.php?rest_route=\/wp\/v2\/users\/1"}],"replies":[{"embeddable":true,"href":"https:\/\/serviautomalaga.com\/index.php?rest_route=%2Fwp%2Fv2%2Fcomments&post=1262"}],"version-history":[{"count":4,"href":"https:\/\/serviautomalaga.com\/index.php?rest_route=\/wp\/v2\/pages\/1262\/revisions"}],"predecessor-version":[{"id":1461,"href":"https:\/\/serviautomalaga.com\/index.php?rest_route=\/wp\/v2\/pages\/1262\/revisions\/1461"}],"wp:attachment":[{"href":"https:\/\/serviautomalaga.com\/index.php?rest_route=%2Fwp%2Fv2%2Fmedia&parent=1262"}],"curies":[{"name":"wp","href":"https:\/\/api.w.org\/{rel}","templated":true}]}}